{"id":30,"date":"2019-03-18T16:15:06","date_gmt":"2019-03-18T15:15:06","guid":{"rendered":"http:\/\/polycoservice.home.pl\/autoinstalator\/wordpressplugins1\/?page_id=30"},"modified":"2019-03-25T20:14:20","modified_gmt":"2019-03-25T19:14:20","slug":"firma","status":"publish","type":"page","link":"https:\/\/polycoservice.pl\/","title":{"rendered":"Firma"},"content":{"rendered":"\n<p>Szanowni Pa\u0144stwo,<\/p>\n\n\n\n<p>Mamy przyjemno\u015b\u0107 zaprezentowa\u0107 ofert\u0119 firmy Polyco Service, dzia\u0142aj\u0105cej na rynku od 1994 roku,&nbsp;<br>specjalizuj\u0105cej si\u0119 w monta\u017cu szlaban\u00f3w i automatyki do bram na terenie Warszawy oraz ca\u0142ej Polski.&nbsp;<br>S\u0142u\u017cymy informacj\u0105 techniczn\u0105 i rad\u0105, pocz\u0105wszy od projektu po terminow\u0105 dostaw\u0119 i monta\u017c oferowanych produkt\u00f3w. Zapewniamy urz\u0105dzenia wysokiej jako\u015bci, potwierdzone norm\u0105 ISO 9001 i znakiem CE renomowanych producent\u00f3w polskich i zagranicznych, <br>takich jak:<\/p>\n\n\n\n<p>CAME, V2, FADINI, NICE, FAAC, BENINCA, SPIN, BFT, DITEC &#8211; NOVOTECNICA, O`KEY,<br>NORMSTAHL, H\u00d6RMANN, WI\u015aNIOWSKI, KRISPOL, DTM, RIB, GFA, ELMES,<br>LIFE, APRIMATIC, PROTECO, SOMFY, SOMMER i innych.<\/p>\n\n\n\n<p>Prowadzimy us\u0142ugi serwisowe i gwarantujemy poprawno\u015b\u0107 dzia\u0142ania w zakresie szlaban\u00f3w i bram na terenie Warszawy i ca\u0142ej Polski. Posiadamy tak\u017ce w\u0142asny magazyn typowych produkt\u00f3w i cz\u0119\u015bci.&nbsp;<\/p>\n\n\n\n<p>W naszej ofercie handlowej znajduj\u0105 si\u0119 poni\u017csze produkty:<br><br>szlabany, tripody, kolczatki, systemy parkingowe, blokady parkingowe r\u0119czne i automatyczne, s\u0142upki, znaki drogowe, oznakowanie poziome, automatyka do bram skrzyd\u0142owych, przesuwnych gara\u017cowych przemys\u0142owych oraz drzwi automatycznych, piloty oraz akcesoria do szlaban\u00f3w i bram,<br>czytniki kart zbli\u017ceniowych, czytniki dalekiego zasi\u0119gu.<\/p>\n\n\n\n<p>Zapewniamy:<br><br>Monta\u017c oraz konserwacj\u0119 oferowanych urz\u0105dze\u0144, serwis gwarancyjny i pogwarancyjny.<\/p>\n\n\n\n<p>W\u015br\u00f3d naszych odbiorc\u00f3w znajduj\u0105 si\u0119 najwy\u017csze urz\u0119dy pa\u0144stwowe, ministerstwa, jednostki wojskowe, agencje, instytucje pa\u0144stwowe, fabryki, zak\u0142ady przemys\u0142owe, szpitale, osiedla, wsp\u00f3lnoty mieszkaniowe oraz odbiorcy indywidualni &#8211; mi\u0119dzy innymi:<br><br>Kancelaria Premiera Rady Ministr\u00f3w, Ministerstwo Obrony Narodowej, Metro Warszawskie, Mercedes-Benz,<br>Instytut Techniki Budowlanej, Biuro Ochrony Rz\u0105du, MSWiA, Stra\u017c Miejska, Agencja Mienia Wojskowego,&nbsp;<br>Urz\u0105d Dzielnicy Wola, RWE &#8211; STOEN, PZU, PKP-Centralny, PKS, Stalexport &#8211; Centrostal, Alcatel Polska,&nbsp;<br>Schindler Polska, CPC AMINO, GERDA \u2013 HYDOMAT, Agencja Ochrony JUWENTUS, CSK WAM,&nbsp;&nbsp;<br>Zak\u0142ady Przemys\u0142u T\u0142uszczowego, ZREMB, Stocer &#8211; Konstancin, Italian Fashion, Jupiter Centrum &#8211; Warszawa, Aeroklub Warszawski, Polskie Towarzystwo Ekonomiczne, Drukarnia AGORY, Euro ZOO, Technokabel, LEK.<\/p>\n\n\n\n<p><p>Wszystkie pytania dotycz\u0105ce oferowanych przez firm\u0119 POLYCO SERVICE urz\u0105dze\u0144 prosimy<br>kierowa\u0107 drog\u0105 telefoniczn\u0105, faksem,\u00a0<a href=\"mailto:%20kontakt@polyco24.pl\">e-mailem<\/a> lub listownie.<br><\/p><\/p>\n\n\n\n<br><br><center><a href=\"http:\/\/polycoservice.pl\/\"><img loading=\"lazy\" src=\"http:\/\/polycoservice.pl\/wp-content\/uploads\/2019\/03\/firma.png\" width=\"80\" height=\"38\" alt=\"Firma\"><\/a><a href=\"http:\/\/polycoservice.pl\/index.php\/realizacje\/\"><img loading=\"lazy\" src=\"http:\/\/polycoservice.pl\/wp-content\/uploads\/2019\/03\/realizacje.png\" width=\"80\" height=\"38\" alt=\"Realizacje\"><\/a><a href=\"http:\/\/polycoservice.pl\/index.php\/serwis\/\"><img loading=\"lazy\" src=\"http:\/\/polycoservice.pl\/wp-content\/uploads\/2019\/03\/serwis1.png\" width=\"80\" height=\"38\" alt=\"Serwis\"><\/a><a href=\"http:\/\/polycoservice.pl\/index.php\/kontakt\/\"><img loading=\"lazy\" src=\"http:\/\/polycoservice.pl\/wp-content\/uploads\/2019\/03\/kontakt.png\" width=\"80\" height=\"38\" alt=\"Kontakt\"><\/a>\n","protected":false},"excerpt":{"rendered":"<p>Szanowni Pa\u0144stwo, Mamy przyjemno\u015b\u0107 zaprezentowa\u0107 ofert\u0119 firmy Polyco Service, dzia\u0142aj\u0105cej na rynku od 1994 roku,&nbsp;specjalizuj\u0105cej si\u0119 w monta\u017cu szlaban\u00f3w i automatyki do bram na terenie Warszawy oraz ca\u0142ej Polski.&nbsp;S\u0142u\u017cymy informacj\u0105 techniczn\u0105 i rad\u0105, pocz\u0105wszy od projektu po terminow\u0105 dostaw\u0119 i monta\u017c oferowanych produkt\u00f3w. Zapewniamy urz\u0105dzenia wysokiej jako\u015bci, potwierdzone norm\u0105 ISO &hellip;<\/p>\n","protected":false},"author":1,"featured_media":0,"parent":0,"menu_order":0,"comment_status":"closed","ping_status":"closed","template":"","meta":{"spay_email":""},"yoast_head":"<!-- This site is optimized with the Yoast SEO plugin v17.1 - https:\/\/yoast.com\/wordpress\/plugins\/seo\/ -->\n<title>Firma - POLYCO SERVICE - szlabany, automatyka bram<\/title>\n<meta name=\"robots\" content=\"index, follow, max-snippet:-1, max-image-preview:large, max-video-preview:-1\" \/>\n<link rel=\"canonical\" href=\"https:\/\/polycoservice.pl\/\" \/>\n<meta property=\"og:locale\" content=\"pl_PL\" \/>\n<meta property=\"og:type\" content=\"article\" \/>\n<meta property=\"og:title\" content=\"Firma - POLYCO SERVICE - szlabany, automatyka bram\" \/>\n<meta property=\"og:description\" content=\"Szanowni Pa\u0144stwo, Mamy przyjemno\u015b\u0107 zaprezentowa\u0107 ofert\u0119 firmy Polyco Service, dzia\u0142aj\u0105cej na rynku od 1994 roku,&nbsp;specjalizuj\u0105cej si\u0119 w monta\u017cu szlaban\u00f3w i automatyki do bram na terenie Warszawy oraz ca\u0142ej Polski.&nbsp;S\u0142u\u017cymy informacj\u0105 techniczn\u0105 i rad\u0105, pocz\u0105wszy od projektu po terminow\u0105 dostaw\u0119 i monta\u017c oferowanych produkt\u00f3w. Zapewniamy urz\u0105dzenia wysokiej jako\u015bci, potwierdzone norm\u0105 ISO &hellip;\" \/>\n<meta property=\"og:url\" content=\"https:\/\/polycoservice.pl\/\" \/>\n<meta property=\"og:site_name\" content=\"POLYCO SERVICE - szlabany, automatyka bram\" \/>\n<meta property=\"article:modified_time\" content=\"2019-03-25T19:14:20+00:00\" \/>\n<meta property=\"og:image\" content=\"http:\/\/polycoservice.pl\/wp-content\/uploads\/2019\/03\/firma.png\" \/>\n<meta name=\"twitter:card\" content=\"summary_large_image\" \/>\n<meta name=\"twitter:label1\" content=\"Szacowany czas czytania\" \/>\n\t<meta name=\"twitter:data1\" content=\"2 minuty\" \/>\n<script type=\"application\/ld+json\" class=\"yoast-schema-graph\">{\"@context\":\"https:\/\/schema.org\",\"@graph\":[{\"@type\":\"Organization\",\"@id\":\"http:\/\/polycoservice.pl\/#organization\",\"name\":\"Polyco Service\",\"url\":\"http:\/\/polycoservice.pl\/\",\"sameAs\":[],\"logo\":{\"@type\":\"ImageObject\",\"@id\":\"http:\/\/polycoservice.pl\/#logo\",\"inLanguage\":\"pl-PL\",\"url\":\"https:\/\/polycoservice.pl\/wp-content\/uploads\/2019\/03\/polycoservice_logo1-1.png\",\"contentUrl\":\"https:\/\/polycoservice.pl\/wp-content\/uploads\/2019\/03\/polycoservice_logo1-1.png\",\"width\":341,\"height\":123,\"caption\":\"Polyco Service\"},\"image\":{\"@id\":\"http:\/\/polycoservice.pl\/#logo\"}},{\"@type\":\"WebSite\",\"@id\":\"http:\/\/polycoservice.pl\/#website\",\"url\":\"http:\/\/polycoservice.pl\/\",\"name\":\"POLYCO SERVICE - szlabany, automatyka bram\",\"description\":\"Szlabany, kolczatki, systemy parkingowe, automatyka do bram Warszawa\",\"publisher\":{\"@id\":\"http:\/\/polycoservice.pl\/#organization\"},\"potentialAction\":[{\"@type\":\"SearchAction\",\"target\":{\"@type\":\"EntryPoint\",\"urlTemplate\":\"http:\/\/polycoservice.pl\/?s={search_term_string}\"},\"query-input\":\"required name=search_term_string\"}],\"inLanguage\":\"pl-PL\"},{\"@type\":\"ImageObject\",\"@id\":\"https:\/\/polycoservice.pl\/#primaryimage\",\"inLanguage\":\"pl-PL\",\"url\":\"http:\/\/polycoservice.pl\/wp-content\/uploads\/2019\/03\/firma.png\",\"contentUrl\":\"http:\/\/polycoservice.pl\/wp-content\/uploads\/2019\/03\/firma.png\"},{\"@type\":\"WebPage\",\"@id\":\"https:\/\/polycoservice.pl\/#webpage\",\"url\":\"https:\/\/polycoservice.pl\/\",\"name\":\"Firma - POLYCO SERVICE - szlabany, automatyka bram\",\"isPartOf\":{\"@id\":\"http:\/\/polycoservice.pl\/#website\"},\"primaryImageOfPage\":{\"@id\":\"https:\/\/polycoservice.pl\/#primaryimage\"},\"datePublished\":\"2019-03-18T15:15:06+00:00\",\"dateModified\":\"2019-03-25T19:14:20+00:00\",\"breadcrumb\":{\"@id\":\"https:\/\/polycoservice.pl\/#breadcrumb\"},\"inLanguage\":\"pl-PL\",\"potentialAction\":[{\"@type\":\"ReadAction\",\"target\":[\"https:\/\/polycoservice.pl\/\"]}]},{\"@type\":\"BreadcrumbList\",\"@id\":\"https:\/\/polycoservice.pl\/#breadcrumb\",\"itemListElement\":[{\"@type\":\"ListItem\",\"position\":1,\"name\":\"Strona g\\u0142\\u00f3wna\",\"item\":\"https:\/\/polycoservice.pl\/\"},{\"@type\":\"ListItem\",\"position\":2,\"name\":\"Firma\"}]}]}<\/script>\n<!-- \/ Yoast SEO plugin. -->","yoast_head_json":{"title":"Firma - POLYCO SERVICE - szlabany, automatyka bram","robots":{"index":"index","follow":"follow","max-snippet":"max-snippet:-1","max-image-preview":"max-image-preview:large","max-video-preview":"max-video-preview:-1"},"canonical":"https:\/\/polycoservice.pl\/","og_locale":"pl_PL","og_type":"article","og_title":"Firma - POLYCO SERVICE - szlabany, automatyka bram","og_description":"Szanowni Pa\u0144stwo, Mamy przyjemno\u015b\u0107 zaprezentowa\u0107 ofert\u0119 firmy Polyco Service, dzia\u0142aj\u0105cej na rynku od 1994 roku,&nbsp;specjalizuj\u0105cej si\u0119 w monta\u017cu szlaban\u00f3w i automatyki do bram na terenie Warszawy oraz ca\u0142ej Polski.&nbsp;S\u0142u\u017cymy informacj\u0105 techniczn\u0105 i rad\u0105, pocz\u0105wszy od projektu po terminow\u0105 dostaw\u0119 i monta\u017c oferowanych produkt\u00f3w. Zapewniamy urz\u0105dzenia wysokiej jako\u015bci, potwierdzone norm\u0105 ISO &hellip;","og_url":"https:\/\/polycoservice.pl\/","og_site_name":"POLYCO SERVICE - szlabany, automatyka bram","article_modified_time":"2019-03-25T19:14:20+00:00","og_image":[{"url":"http:\/\/polycoservice.pl\/wp-content\/uploads\/2019\/03\/firma.png"}],"twitter_card":"summary_large_image","twitter_misc":{"Szacowany czas czytania":"2 minuty"},"schema":{"@context":"https:\/\/schema.org","@graph":[{"@type":"Organization","@id":"http:\/\/polycoservice.pl\/#organization","name":"Polyco Service","url":"http:\/\/polycoservice.pl\/","sameAs":[],"logo":{"@type":"ImageObject","@id":"http:\/\/polycoservice.pl\/#logo","inLanguage":"pl-PL","url":"https:\/\/polycoservice.pl\/wp-content\/uploads\/2019\/03\/polycoservice_logo1-1.png","contentUrl":"https:\/\/polycoservice.pl\/wp-content\/uploads\/2019\/03\/polycoservice_logo1-1.png","width":341,"height":123,"caption":"Polyco Service"},"image":{"@id":"http:\/\/polycoservice.pl\/#logo"}},{"@type":"WebSite","@id":"http:\/\/polycoservice.pl\/#website","url":"http:\/\/polycoservice.pl\/","name":"POLYCO SERVICE - szlabany, automatyka bram","description":"Szlabany, kolczatki, systemy parkingowe, automatyka do bram Warszawa","publisher":{"@id":"http:\/\/polycoservice.pl\/#organization"},"potentialAction":[{"@type":"SearchAction","target":{"@type":"EntryPoint","urlTemplate":"http:\/\/polycoservice.pl\/?s={search_term_string}"},"query-input":"required name=search_term_string"}],"inLanguage":"pl-PL"},{"@type":"ImageObject","@id":"https:\/\/polycoservice.pl\/#primaryimage","inLanguage":"pl-PL","url":"http:\/\/polycoservice.pl\/wp-content\/uploads\/2019\/03\/firma.png","contentUrl":"http:\/\/polycoservice.pl\/wp-content\/uploads\/2019\/03\/firma.png"},{"@type":"WebPage","@id":"https:\/\/polycoservice.pl\/#webpage","url":"https:\/\/polycoservice.pl\/","name":"Firma - POLYCO SERVICE - szlabany, automatyka bram","isPartOf":{"@id":"http:\/\/polycoservice.pl\/#website"},"primaryImageOfPage":{"@id":"https:\/\/polycoservice.pl\/#primaryimage"},"datePublished":"2019-03-18T15:15:06+00:00","dateModified":"2019-03-25T19:14:20+00:00","breadcrumb":{"@id":"https:\/\/polycoservice.pl\/#breadcrumb"},"inLanguage":"pl-PL","potentialAction":[{"@type":"ReadAction","target":["https:\/\/polycoservice.pl\/"]}]},{"@type":"BreadcrumbList","@id":"https:\/\/polycoservice.pl\/#breadcrumb","itemListElement":[{"@type":"ListItem","position":1,"name":"Strona g\u0142\u00f3wna","item":"https:\/\/polycoservice.pl\/"},{"@type":"ListItem","position":2,"name":"Firma"}]}]}},"_links":{"self":[{"href":"https:\/\/polycoservice.pl\/index.php\/wp-json\/wp\/v2\/pages\/30"}],"collection":[{"href":"https:\/\/polycoservice.pl\/index.php\/wp-json\/wp\/v2\/pages"}],"about":[{"href":"https:\/\/polycoservice.pl\/index.php\/wp-json\/wp\/v2\/types\/page"}],"author":[{"embeddable":true,"href":"https:\/\/polycoservice.pl\/index.php\/wp-json\/wp\/v2\/users\/1"}],"replies":[{"embeddable":true,"href":"https:\/\/polycoservice.pl\/index.php\/wp-json\/wp\/v2\/comments?post=30"}],"version-history":[{"count":6,"href":"https:\/\/polycoservice.pl\/index.php\/wp-json\/wp\/v2\/pages\/30\/revisions"}],"predecessor-version":[{"id":212,"href":"https:\/\/polycoservice.pl\/index.php\/wp-json\/wp\/v2\/pages\/30\/revisions\/212"}],"wp:attachment":[{"href":"https:\/\/polycoservice.pl\/index.php\/wp-json\/wp\/v2\/media?parent=30"}],"curies":[{"name":"wp","href":"https:\/\/api.w.org\/{rel}","templated":true}]}}