{"id":28,"date":"2019-03-18T16:13:05","date_gmt":"2019-03-18T15:13:05","guid":{"rendered":"http:\/\/polycoservice.home.pl\/autoinstalator\/wordpressplugins1\/?page_id=28"},"modified":"2019-06-18T10:22:37","modified_gmt":"2019-06-18T08:22:37","slug":"kontakt","status":"publish","type":"page","link":"https:\/\/polycoservice.pl\/index.php\/kontakt\/","title":{"rendered":"Kontakt"},"content":{"rendered":"\n<p>Biuro handlowe \/ serwis: <br><br>Polyco Service<br>ul. Dewajtis 5<br>01-815 Warszawa <br><\/p>\n\n\n\n<p>tel.: +48 604 181 180<br><a href=\"mailto:kontakt@polyco24.pl\">kontakt@polyco24.pl<\/a><\/p>\n\n\n\n<p>Zapraszamy na nasz profil na <a href=\"https:\/\/www.facebook.com\/Polyco-Service-249777839165520\/\">Facebook<\/a><\/p>\n\n\n\n<figure class=\"wp-block-image is-resized\">\n<p><a style=\"font-weight: bold; text-align: center;\" href=\"https:\/\/www.facebook.com\/Polyco-Service-249777839165520\/\" target=\"_blank\" rel=\"noopener noreferrer\"><img loading=\"lazy\" class=\"wp-image-109\" src=\"http:\/\/polycoservice.pl\/wp-content\/uploads\/2019\/03\/facebook_ico.png\" alt=\"Facebook\" width=\"54\" height=\"54\"><\/a><\/p>\n<\/figure>\n\n\n\n<p>Godziny pracy:<br> <br><strong>Biuro:<\/strong><br>Pn \u2013 Pt 8.00 \u2013 16.00 <br><a href=\"mailto:biuro@polyco24.pl\">biuro@polyco24.pl <\/a><br><\/p>\n\n\n\n<p><strong>Serwis: <\/strong><br>24\/7 <br><a href=\"mailto:serwis@polyco24.pl\">serwis@polyco24.pl<\/a> <br><br>Wszystkie pytania dotycz\u0105ce oferowanych przez firm\u0119 POLYCO SERVICE urz\u0105dze\u0144 prosimy kierowa\u0107 drog\u0105 telefoniczn\u0105, faksem, e-mailem lub listownie.<\/p>\n\n\n\n<div class=\"mapouter\">\n<div class=\"gmap_canvas\">\n<figure><iframe loading=\"lazy\" id=\"gmap_canvas\" src=\"https:\/\/maps.google.com\/maps?q=polyco%20service%20warszawa&amp;t=&amp;z=13&amp;ie=UTF8&amp;iwloc=&amp;output=embed\" width=\"850\" height=\"500\" frameborder=\"0\" marginwidth=\"0\" marginheight=\"0\" scrolling=\"no\"><\/iframe><\/figure>\n<\/div>\n<\/div>\n\n\n\n<br><br><center><a href=\"http:\/\/polycoservice.pl\/\"><img loading=\"lazy\" src=\"http:\/\/polycoservice.pl\/wp-content\/uploads\/2019\/03\/firma.png\" width=\"80\" height=\"38\" alt=\"Firma\"><\/a><a href=\"http:\/\/polycoservice.pl\/index.php\/realizacje\/\"><img loading=\"lazy\" src=\"http:\/\/polycoservice.pl\/wp-content\/uploads\/2019\/03\/realizacje.png\" width=\"80\" height=\"38\" alt=\"Realizacje\"><\/a><a href=\"http:\/\/polycoservice.pl\/index.php\/serwis\/\"><img loading=\"lazy\" src=\"http:\/\/polycoservice.pl\/wp-content\/uploads\/2019\/03\/serwis1.png\" width=\"80\" height=\"38\" alt=\"Serwis\"><\/a><a href=\"http:\/\/polycoservice.pl\/index.php\/kontakt\/\"><img loading=\"lazy\" src=\"http:\/\/polycoservice.pl\/wp-content\/uploads\/2019\/03\/kontakt.png\" width=\"80\" height=\"38\" alt=\"Kontakt\"><\/a>\n","protected":false},"excerpt":{"rendered":"<p>Biuro handlowe \/ serwis: Polyco Serviceul. Dewajtis 501-815 Warszawa tel.: +48 604 181 180kontakt@polyco24.pl Zapraszamy na nasz profil na Facebook Godziny pracy: Biuro:Pn \u2013 Pt 8.00 \u2013 16.00 biuro@polyco24.pl Serwis: 24\/7 serwis@polyco24.pl Wszystkie pytania dotycz\u0105ce oferowanych przez firm\u0119 POLYCO SERVICE urz\u0105dze\u0144 prosimy kierowa\u0107 drog\u0105 telefoniczn\u0105, faksem, e-mailem lub listownie.<\/p>\n","protected":false},"author":1,"featured_media":0,"parent":0,"menu_order":0,"comment_status":"closed","ping_status":"closed","template":"","meta":{"spay_email":""},"yoast_head":"<!-- This site is optimized with the Yoast SEO plugin v17.1 - https:\/\/yoast.com\/wordpress\/plugins\/seo\/ -->\n<title>Kontakt - POLYCO SERVICE - szlabany, automatyka bram<\/title>\n<meta name=\"robots\" content=\"index, follow, max-snippet:-1, max-image-preview:large, max-video-preview:-1\" \/>\n<link rel=\"canonical\" href=\"https:\/\/polycoservice.pl\/index.php\/kontakt\/\" \/>\n<meta property=\"og:locale\" content=\"pl_PL\" \/>\n<meta property=\"og:type\" content=\"article\" \/>\n<meta property=\"og:title\" content=\"Kontakt - POLYCO SERVICE - szlabany, automatyka bram\" \/>\n<meta property=\"og:description\" content=\"Biuro handlowe \/ serwis: Polyco Serviceul. Dewajtis 501-815 Warszawa tel.: +48 604 181 180kontakt@polyco24.pl Zapraszamy na nasz profil na Facebook Godziny pracy: Biuro:Pn \u2013 Pt 8.00 \u2013 16.00 biuro@polyco24.pl Serwis: 24\/7 serwis@polyco24.pl Wszystkie pytania dotycz\u0105ce oferowanych przez firm\u0119 POLYCO SERVICE urz\u0105dze\u0144 prosimy kierowa\u0107 drog\u0105 telefoniczn\u0105, faksem, e-mailem lub listownie.\" \/>\n<meta property=\"og:url\" content=\"https:\/\/polycoservice.pl\/index.php\/kontakt\/\" \/>\n<meta property=\"og:site_name\" content=\"POLYCO SERVICE - szlabany, automatyka bram\" \/>\n<meta property=\"article:modified_time\" content=\"2019-06-18T08:22:37+00:00\" \/>\n<meta property=\"og:image\" content=\"http:\/\/polycoservice.pl\/wp-content\/uploads\/2019\/03\/facebook_ico.png\" \/>\n<meta name=\"twitter:card\" content=\"summary_large_image\" \/>\n<script type=\"application\/ld+json\" class=\"yoast-schema-graph\">{\"@context\":\"https:\/\/schema.org\",\"@graph\":[{\"@type\":\"Organization\",\"@id\":\"http:\/\/polycoservice.pl\/#organization\",\"name\":\"Polyco Service\",\"url\":\"http:\/\/polycoservice.pl\/\",\"sameAs\":[],\"logo\":{\"@type\":\"ImageObject\",\"@id\":\"http:\/\/polycoservice.pl\/#logo\",\"inLanguage\":\"pl-PL\",\"url\":\"https:\/\/polycoservice.pl\/wp-content\/uploads\/2019\/03\/polycoservice_logo1-1.png\",\"contentUrl\":\"https:\/\/polycoservice.pl\/wp-content\/uploads\/2019\/03\/polycoservice_logo1-1.png\",\"width\":341,\"height\":123,\"caption\":\"Polyco Service\"},\"image\":{\"@id\":\"http:\/\/polycoservice.pl\/#logo\"}},{\"@type\":\"WebSite\",\"@id\":\"http:\/\/polycoservice.pl\/#website\",\"url\":\"http:\/\/polycoservice.pl\/\",\"name\":\"POLYCO SERVICE - szlabany, automatyka bram\",\"description\":\"Szlabany, kolczatki, systemy parkingowe, automatyka do bram Warszawa\",\"publisher\":{\"@id\":\"http:\/\/polycoservice.pl\/#organization\"},\"potentialAction\":[{\"@type\":\"SearchAction\",\"target\":{\"@type\":\"EntryPoint\",\"urlTemplate\":\"http:\/\/polycoservice.pl\/?s={search_term_string}\"},\"query-input\":\"required name=search_term_string\"}],\"inLanguage\":\"pl-PL\"},{\"@type\":\"ImageObject\",\"@id\":\"https:\/\/polycoservice.pl\/index.php\/kontakt\/#primaryimage\",\"inLanguage\":\"pl-PL\",\"url\":\"http:\/\/polycoservice.pl\/wp-content\/uploads\/2019\/03\/facebook_ico.png\",\"contentUrl\":\"http:\/\/polycoservice.pl\/wp-content\/uploads\/2019\/03\/facebook_ico.png\"},{\"@type\":\"WebPage\",\"@id\":\"https:\/\/polycoservice.pl\/index.php\/kontakt\/#webpage\",\"url\":\"https:\/\/polycoservice.pl\/index.php\/kontakt\/\",\"name\":\"Kontakt - POLYCO SERVICE - szlabany, automatyka bram\",\"isPartOf\":{\"@id\":\"http:\/\/polycoservice.pl\/#website\"},\"primaryImageOfPage\":{\"@id\":\"https:\/\/polycoservice.pl\/index.php\/kontakt\/#primaryimage\"},\"datePublished\":\"2019-03-18T15:13:05+00:00\",\"dateModified\":\"2019-06-18T08:22:37+00:00\",\"breadcrumb\":{\"@id\":\"https:\/\/polycoservice.pl\/index.php\/kontakt\/#breadcrumb\"},\"inLanguage\":\"pl-PL\",\"potentialAction\":[{\"@type\":\"ReadAction\",\"target\":[\"https:\/\/polycoservice.pl\/index.php\/kontakt\/\"]}]},{\"@type\":\"BreadcrumbList\",\"@id\":\"https:\/\/polycoservice.pl\/index.php\/kontakt\/#breadcrumb\",\"itemListElement\":[{\"@type\":\"ListItem\",\"position\":1,\"name\":\"Strona g\\u0142\\u00f3wna\",\"item\":\"https:\/\/polycoservice.pl\/\"},{\"@type\":\"ListItem\",\"position\":2,\"name\":\"Kontakt\"}]}]}<\/script>\n<!-- \/ Yoast SEO plugin. -->","yoast_head_json":{"title":"Kontakt - POLYCO SERVICE - szlabany, automatyka bram","robots":{"index":"index","follow":"follow","max-snippet":"max-snippet:-1","max-image-preview":"max-image-preview:large","max-video-preview":"max-video-preview:-1"},"canonical":"https:\/\/polycoservice.pl\/index.php\/kontakt\/","og_locale":"pl_PL","og_type":"article","og_title":"Kontakt - POLYCO SERVICE - szlabany, automatyka bram","og_description":"Biuro handlowe \/ serwis: Polyco Serviceul. Dewajtis 501-815 Warszawa tel.: +48 604 181 180kontakt@polyco24.pl Zapraszamy na nasz profil na Facebook Godziny pracy: Biuro:Pn \u2013 Pt 8.00 \u2013 16.00 biuro@polyco24.pl Serwis: 24\/7 serwis@polyco24.pl Wszystkie pytania dotycz\u0105ce oferowanych przez firm\u0119 POLYCO SERVICE urz\u0105dze\u0144 prosimy kierowa\u0107 drog\u0105 telefoniczn\u0105, faksem, e-mailem lub listownie.","og_url":"https:\/\/polycoservice.pl\/index.php\/kontakt\/","og_site_name":"POLYCO SERVICE - szlabany, automatyka bram","article_modified_time":"2019-06-18T08:22:37+00:00","og_image":[{"url":"http:\/\/polycoservice.pl\/wp-content\/uploads\/2019\/03\/facebook_ico.png"}],"twitter_card":"summary_large_image","schema":{"@context":"https:\/\/schema.org","@graph":[{"@type":"Organization","@id":"http:\/\/polycoservice.pl\/#organization","name":"Polyco Service","url":"http:\/\/polycoservice.pl\/","sameAs":[],"logo":{"@type":"ImageObject","@id":"http:\/\/polycoservice.pl\/#logo","inLanguage":"pl-PL","url":"https:\/\/polycoservice.pl\/wp-content\/uploads\/2019\/03\/polycoservice_logo1-1.png","contentUrl":"https:\/\/polycoservice.pl\/wp-content\/uploads\/2019\/03\/polycoservice_logo1-1.png","width":341,"height":123,"caption":"Polyco Service"},"image":{"@id":"http:\/\/polycoservice.pl\/#logo"}},{"@type":"WebSite","@id":"http:\/\/polycoservice.pl\/#website","url":"http:\/\/polycoservice.pl\/","name":"POLYCO SERVICE - szlabany, automatyka bram","description":"Szlabany, kolczatki, systemy parkingowe, automatyka do bram Warszawa","publisher":{"@id":"http:\/\/polycoservice.pl\/#organization"},"potentialAction":[{"@type":"SearchAction","target":{"@type":"EntryPoint","urlTemplate":"http:\/\/polycoservice.pl\/?s={search_term_string}"},"query-input":"required name=search_term_string"}],"inLanguage":"pl-PL"},{"@type":"ImageObject","@id":"https:\/\/polycoservice.pl\/index.php\/kontakt\/#primaryimage","inLanguage":"pl-PL","url":"http:\/\/polycoservice.pl\/wp-content\/uploads\/2019\/03\/facebook_ico.png","contentUrl":"http:\/\/polycoservice.pl\/wp-content\/uploads\/2019\/03\/facebook_ico.png"},{"@type":"WebPage","@id":"https:\/\/polycoservice.pl\/index.php\/kontakt\/#webpage","url":"https:\/\/polycoservice.pl\/index.php\/kontakt\/","name":"Kontakt - POLYCO SERVICE - szlabany, automatyka bram","isPartOf":{"@id":"http:\/\/polycoservice.pl\/#website"},"primaryImageOfPage":{"@id":"https:\/\/polycoservice.pl\/index.php\/kontakt\/#primaryimage"},"datePublished":"2019-03-18T15:13:05+00:00","dateModified":"2019-06-18T08:22:37+00:00","breadcrumb":{"@id":"https:\/\/polycoservice.pl\/index.php\/kontakt\/#breadcrumb"},"inLanguage":"pl-PL","potentialAction":[{"@type":"ReadAction","target":["https:\/\/polycoservice.pl\/index.php\/kontakt\/"]}]},{"@type":"BreadcrumbList","@id":"https:\/\/polycoservice.pl\/index.php\/kontakt\/#breadcrumb","itemListElement":[{"@type":"ListItem","position":1,"name":"Strona g\u0142\u00f3wna","item":"https:\/\/polycoservice.pl\/"},{"@type":"ListItem","position":2,"name":"Kontakt"}]}]}},"_links":{"self":[{"href":"https:\/\/polycoservice.pl\/index.php\/wp-json\/wp\/v2\/pages\/28"}],"collection":[{"href":"https:\/\/polycoservice.pl\/index.php\/wp-json\/wp\/v2\/pages"}],"about":[{"href":"https:\/\/polycoservice.pl\/index.php\/wp-json\/wp\/v2\/types\/page"}],"author":[{"embeddable":true,"href":"https:\/\/polycoservice.pl\/index.php\/wp-json\/wp\/v2\/users\/1"}],"replies":[{"embeddable":true,"href":"https:\/\/polycoservice.pl\/index.php\/wp-json\/wp\/v2\/comments?post=28"}],"version-history":[{"count":32,"href":"https:\/\/polycoservice.pl\/index.php\/wp-json\/wp\/v2\/pages\/28\/revisions"}],"predecessor-version":[{"id":226,"href":"https:\/\/polycoservice.pl\/index.php\/wp-json\/wp\/v2\/pages\/28\/revisions\/226"}],"wp:attachment":[{"href":"https:\/\/polycoservice.pl\/index.php\/wp-json\/wp\/v2\/media?parent=28"}],"curies":[{"name":"wp","href":"https:\/\/api.w.org\/{rel}","templated":true}]}}